{"id":2561,"date":"2026-02-20T14:09:28","date_gmt":"2026-02-20T13:09:28","guid":{"rendered":"https:\/\/www.kanziapple.com\/naujienlaiskisnewsletter\/"},"modified":"2026-05-04T17:32:24","modified_gmt":"2026-05-04T15:32:24","slug":"naujienlaiskisnewsletter","status":"publish","type":"page","link":"https:\/\/www.kanziapple.com\/lt\/naujienlaiskisnewsletter\/","title":{"rendered":"Naujienlai\u0161kis"},"content":{"rendered":"\t\t<div data-elementor-type=\"wp-page\" data-elementor-id=\"2561\" class=\"elementor elementor-2561 elementor-2464\" data-elementor-post-type=\"page\">\n\t\t\t\t<div class=\"elementor-element elementor-element-be936e6 e-flex e-con-boxed e-con e-parent\" data-id=\"be936e6\" data-element_type=\"container\" data-e-type=\"container\">\n\t\t\t\t\t<div class=\"e-con-inner\">\n\t\t<div class=\"elementor-element elementor-element-24c37d6 e-con-full e-flex e-con e-child\" data-id=\"24c37d6\" data-element_type=\"container\" data-e-type=\"container\">\n\t\t\t\t<\/div>\n\t\t<div class=\"elementor-element elementor-element-503a8f9 e-con-full e-flex e-con e-child\" data-id=\"503a8f9\" data-element_type=\"container\" data-e-type=\"container\">\n\t\t\t\t<\/div>\n\t\t<div class=\"elementor-element elementor-element-28091e0 e-con-full e-flex e-con e-child\" data-id=\"28091e0\" data-element_type=\"container\" data-e-type=\"container\">\n\t\t\t\t<\/div>\n\t\t\t\t\t<\/div>\n\t\t\t\t<\/div>\n\t\t<div class=\"elementor-element elementor-element-a19c76b e-flex e-con-boxed e-con e-parent\" data-id=\"a19c76b\" data-element_type=\"container\" data-e-type=\"container\">\n\t\t\t\t\t<div class=\"e-con-inner\">\n\t\t\t\t<div class=\"elementor-element elementor-element-68b7a42 elementor-widget elementor-widget-html\" data-id=\"68b7a42\" data-element_type=\"widget\" data-e-type=\"widget\" data-widget_type=\"html.default\">\n\t\t\t\t<div class=\"elementor-widget-container\">\n\t\t\t\t\t<!--\nDo not modify the NAME value of any of the INPUT fields\nthe FORM action, or any of the hidden fields (eg. input type=hidden).\nThese are all required for this form to function correctly.\n-->\n<link rel=\"stylesheet\" id=\"din-next-css\" href=\"https:\/\/www.kanziapple.com\/app\/themes\/kanzi\/assets\/fonts\/din-next\/din-next.min.css?ver=5597bf82a509e0278bdf6ea22af04854\" type=\"text\/css\" media=\"all\"><\/link>\n<style type=\"text\/css\">\n@media screen and (max-width: 640px) {\n\tform table td {\n\t\tdisplay:block;\n\t}\n}\nbody {\n\tfont-family: DINNextLTPro-Bold, Arial, sans-serif;}\n\t\ninput[type=\"submit\"] {\n\tbackground-color: transparent;  \n\tmargin-top: 0px;  \n\ttransition: color 0.25s ease, background-color, border-color;  \n\ttransition-property: color, background-color, border-color;  white-space: normal;\n\tborder-width: 2px;\n\tborder-style: solid;\n\tborder-color: initial;\n\tborder-radius: 24px;\n\tbackground-color: transparent;\n\tfont-family: DINNextLTPro-Bold, Arial, sans-serif;  \n\tfont-size: 16px;\n\tletter-spacing: 3px;\n\ttext-transform: uppercase;  \n\tdisplay: inline-block;  \n\tposition: relative;  \n\tpadding: 11px 36px 9px;  \n\tmargin-top: 20px;}\n\ninput[type=\"email\"], input[type=\"password\"], input[type=\"tel\"], input[type=\"text\"], select, textarea {  \n\tbackground: rgb(255, 255, 255);  \n\tborder-width: 1px;  \n\tborder-style: solid;  \n\tborder-color: rgb(0, 0, 0);  \n\tborder-radius: 6px;\n\tcolor: rgb(112, 112, 112);  \n\tfont-family: DINNextLTPro-Medium, Arial, sans-serif;  \n\tpadding: 13px 18px;  \n\twidth: 100%;\n\tmargin-bottom:30px;}\n\t\nselect {\n\t-webkit-appearance: none;\n   -moz-appearance:    none;\n   appearance:         none;\n}\nselect::after {\n\tcontent: '';\n\tdisplay:block;\n\twidth: 16px;\n\theight: 16px;\n\tborder-width: 2px 2px 0 0;\n\tborder-color: #333;\n\tborder-style: solid;\n\ttransform: rotate(25deg);\n}\n<\/style>\n\t<script src=\"https:\/\/www.google.com\/recaptcha\/enterprise.js?render=6LdxDk0rAAAAALGptrauTi62gGxyQfj1JRtbBfER\"><\/script>\n<form method=\"post\" action=\"https:\/\/mailing.effectiveprofiles.com\/form.php?form=58\" id=\"frmSS58\" onsubmit=\"return CheckForm58(this);\">\n\t<table border=\"0\">\n        <tr>\n\t\t\t<td colspan=\"2\"><p>Prenumeruokite naujienlai\u0161k\u012f ir kas ketvirt\u012f gaukite informacij\u0105 apie m\u016bs\u0173 paslaugas, produktus ir akcijas.<br><br> <\/p><\/td>\n\t\t<\/tr>\n\t\t<tr>\n\t<td colspan=\"2\" style=\"text-align: center;\"><input type=\"text\" name=\"CustomFields[61]\" id=\"CustomFields_61_58\"  value=\"\" size=\"100\" placeholder=\"  \u012eveskite vard\u0105\u2026\" style=\" align: center;\"\/><\/td>\n<\/tr><tr>\n\t<td colspan=\"2\"><input type=\"text\" name=\"CustomFields[4]\" id=\"CustomFields_4_58\"  value=\"\" size=\"100\" placeholder=\"  \u012eveskite pavard\u0119\u2026\"\/><\/td>\n<\/tr><tr>\n\t<td colspan=\"2\"><span class=\"required\"><\/span><input type=\"text\" name=\"email\" value=\"\" size=\"100\" placeholder=\"  \u012eveskite el. pa\u0161to adres\u0105\u2026\" \/><\/td>\n<\/tr>\n<tr>\n\t<td colspan=\"2\"><span class=\"required\"><\/span><select name=\"CustomFields[144]\" id=\"CustomFields_144_58\" ><option value=\"\"> ---- Pasirinkite kalb\u0105 ---- <\/option><option value=\"Dutch\">Nederlands<\/option><option value=\"English\">English<\/option><option value=\"German\">German<\/option><option value=\"French\">French<\/option><option value=\"Italian\">Italian<\/option><option value=\"Spanish\">Spanish<\/option><option value=\"Swedish\">Swedish<\/option><option value=\"Norwegian\">Norwegian<\/option><option value=\"Latvian\">Latvian<\/option><option value=\"Lithuanian\">Lithuanian<\/option><option value=\"Estonian\">Estonian<\/option><\/select><\/td>\n<\/tr>\n<tr>\n\t<td colspan=\"2\" ><input type=\"hidden\" name=\"format\" value=\"h\" \/><\/td>\n<\/tr>\n\t\t<tr>\n\t\t\t<td><\/td>\n\t\t\t<td>\n\t\t\t\t<input style=\"text-align: center;\" type=\"submit\" value=\"Prenumeruoti\" \/>\n\t\t\t\t<br\/><br \/><span style=\"display: block; font-size: 10px; color: gray; padding-top: 5px;\">Daugiau informacijos rasite m\u016bs\u0173 <a href=\"https:\/\/www.kanziapple.com\/lt\/legal\/privacy-policy\/\" target=\"_blank\" rel=\"noopener\">Privatumo politikoje<\/a>.<\/span>\n\t\t\t<\/td>\n\t\t<\/tr>\n\t<\/table>\n<\/form>\n<script>\ngrecaptcha.enterprise.ready(function() {\n\tgrecaptcha.enterprise.execute('6LdxDk0rAAAAALGptrauTi62gGxyQfj1JRtbBfER', {action: 'newsletter'}).then(function(token) {\n\t\tdocument.getElementById('recaptcha_token').value = token;\n\t});\n});\n<\/script>\n<script type=\"text\/javascript\">\n\/\/ <![CDATA[\n\n        (function () {\n            function bind() {\n                var form = document.getElementById('frmSS58');\n                if (!form) return;\n                form.addEventListener('submit', function (e) {\n                    if (!CheckForm58(form)) {\n                        e.preventDefault();\n                    }\n                }, false);\n            }\n            if (document.readyState === 'loading') {\n                document.addEventListener('DOMContentLoaded', bind, { once: true });\n            } else {\n                bind();\n            }\n        })();\n\n\t\tfunction CheckForm58(f) {\n\t\t\tconst email_re = \/[a-z0-9!#$%&'*+\\\/=?^_`{|}~-]+(?:\\.[a-z0-9!#$%&'*+\\\/=?^_`{|}~-]+)*@(?:[a-z0-9](?:[a-z0-9-]*[a-z0-9])?\\.)+[a-z0-9](?:[a-z0-9-]*[a-z0-9])?\/i;\n\t\t\tif (!email_re.test(f.email.value)) {\n\t\t\t\talert(\"\u012eveskite savo el. pa\u0161to adres\u0105.\");\n\t\t\t\tf.email.focus();\n\t\t\t\treturn false;\n\t\t\t}\n\t\t\n\t\t\tvar fname = \"CustomFields_144_58\";\n\t\t\tvar fld = document.getElementById(fname);\n\t\t\tif (fld.selectedIndex == -1 || fld.selectedIndex == 0) {\n\t\t\t\talert(\"Pasirinkite parinkt\u012f kalbos laukui\");\n\t\t\t\tfld.focus();\n\t\t\t\treturn false;\n\t\t\t}\n\t\t\n\t\t\treturn true;\n\t\t}\n\t\t\n\/\/ ]]>\n<\/script>\n\t\t\t\t<\/div>\n\t\t\t\t<\/div>\n\t\t\t\t\t<\/div>\n\t\t\t\t<\/div>\n\t\t\t\t<\/div>\n\t\t","protected":false},"excerpt":{"rendered":"<p>Prenumeruokite naujienlai\u0161k\u012f ir kas ketvirt\u012f gaukite informacij\u0105 apie m\u016bs\u0173 paslaugas, produktus ir akcijas. &#8212;- Pasirinkite kalb\u0105 &#8212;- NederlandsEnglishGermanFrenchItalianSpanishSwedishNorwegianLatvianLithuanianEstonian Daugiau informacijos rasite m\u016bs\u0173 Privatumo politikoje.<\/p>\n","protected":false},"author":2,"featured_media":0,"parent":0,"menu_order":0,"comment_status":"closed","ping_status":"closed","template":"","meta":{"_seopress_robots_primary_cat":"","_seopress_titles_title":"","_seopress_titles_desc":"","_seopress_robots_index":"","footnotes":""},"class_list":["post-2561","page","type-page","status-publish","hentry"],"_links":{"self":[{"href":"https:\/\/www.kanziapple.com\/lt\/wp-json\/wp\/v2\/pages\/2561","targetHints":{"allow":["GET"]}}],"collection":[{"href":"https:\/\/www.kanziapple.com\/lt\/wp-json\/wp\/v2\/pages"}],"about":[{"href":"https:\/\/www.kanziapple.com\/lt\/wp-json\/wp\/v2\/types\/page"}],"author":[{"embeddable":true,"href":"https:\/\/www.kanziapple.com\/lt\/wp-json\/wp\/v2\/users\/2"}],"replies":[{"embeddable":true,"href":"https:\/\/www.kanziapple.com\/lt\/wp-json\/wp\/v2\/comments?post=2561"}],"version-history":[{"count":6,"href":"https:\/\/www.kanziapple.com\/lt\/wp-json\/wp\/v2\/pages\/2561\/revisions"}],"predecessor-version":[{"id":2588,"href":"https:\/\/www.kanziapple.com\/lt\/wp-json\/wp\/v2\/pages\/2561\/revisions\/2588"}],"wp:attachment":[{"href":"https:\/\/www.kanziapple.com\/lt\/wp-json\/wp\/v2\/media?parent=2561"}],"curies":[{"name":"wp","href":"https:\/\/api.w.org\/{rel}","templated":true}]}}